{"id":15,"date":"2022-03-31T13:29:23","date_gmt":"2022-03-31T11:29:23","guid":{"rendered":"http:\/\/vonchrupek.com\/?page_id=15"},"modified":"2025-09-30T15:24:23","modified_gmt":"2025-09-30T13:24:23","slug":"about","status":"publish","type":"page","link":"https:\/\/vonchrupek.com\/index.php\/about\/","title":{"rendered":"About"},"content":{"rendered":"<div class=\"wp-block-image is-resized is-style-default\">\n<figure class=\"aligncenter size-full\"><img loading=\"lazy\" decoding=\"async\" width=\"900\" height=\"632\" src=\"http:\/\/vonchrupek.com\/wp-content\/uploads\/2022\/04\/2.jpg\" alt=\"\" class=\"wp-image-677\" srcset=\"https:\/\/vonchrupek.com\/wp-content\/uploads\/2022\/04\/2.jpg 900w, https:\/\/vonchrupek.com\/wp-content\/uploads\/2022\/04\/2-300x211.jpg 300w, https:\/\/vonchrupek.com\/wp-content\/uploads\/2022\/04\/2-768x539.jpg 768w, https:\/\/vonchrupek.com\/wp-content\/uploads\/2022\/04\/2-500x351.jpg 500w, https:\/\/vonchrupek.com\/wp-content\/uploads\/2022\/04\/2-800x562.jpg 800w\" sizes=\"auto, (max-width: 900px) 100vw, 900px\" \/><\/figure>\n<\/div>\n\n\n<p class=\"has-text-align-left has-small-font-size\"><br><strong>Mirella von Chrupek\u00a0<\/strong>(born 1980). Artist, photographer, diorama designer. Her work includes also such domains as scenography and sculpture. In her recent digital photomontages, she uses archival materials to create imaginary landscapes freely mixing elements of fantasy and reality. Experiments with vintage photographs and focuses on human faces and their transmutations. Between 2014-17 presented to the broad public a personal micro-art gallery project called\u00a0<em>Gablotka<\/em>, a display box located in the centre of Warsaw where she showcased altogether thirteen different installations. In collaboration with a writer Sylwia Chutnik published a photo book on the adventures of one of her characters (<em>Dino Bambino<\/em>, Wytw\u00f3rnia, 2018). Since 2017 runs a personal bimonthly column in\u00a0<em>Kosmos dla Dziewczynek\u00a0<\/em>magazine. Her works have been featured in several galleries and museums over Poland: BWA Tarn\u00f3w, Galeriia ABC in Pozna\u0144, CSW \u0141a\u017ania in Gda\u0144sk, BWA Wroc\u0142aw, National Museum of Ethnography in Warsaw, Institute of Design in Kielce. Participated in \u0141\u00f3d\u017a Fotofestival (2006). A holder of the Scholarship of the Ministry of Culture and National Heritage of Poland. Tennis enthusiast known as <a href=\"http:\/\/www.sunlitcourts.com\" data-type=\"link\" data-id=\"http:\/\/www.tenisowkatv.com\">Sunlitcourts<\/a>. Lives and works in Warsaw, Poland.<\/p>\n\n\n\n<p class=\"has-small-font-size\"><a href=\"http:\/\/vonchrupek.com\/wp-content\/uploads\/2024\/12\/MirellavonChrupek_portfolio2025.pdf\" data-type=\"URL\" target=\"_blank\" rel=\"noreferrer noopener\"><strong>PORTFOLIO 2025 PL<\/strong><\/a><\/p>\n\n\n\n<p class=\"has-small-font-size\"><a href=\"http:\/\/vonchrupek.com\/wp-content\/uploads\/2024\/12\/MirellavonChrupek_portfolio_2025_ENG.pdf\" data-type=\"URL\" target=\"_blank\" rel=\"noreferrer noopener\"><strong>PORTFOLIO 2025 ENG<\/strong><\/a><br><\/p>\n\n\n\n<p class=\"has-small-font-size\"><strong>INSTAGRAM: <\/strong><a href=\"http:\/\/www.instagram.com\/vonchrupek\" target=\"_blank\" rel=\"noreferrer noopener\">vonchrupek<\/a> &amp; <a href=\"http:\/\/www.instagram.com\/sunlitcourts\" data-type=\"link\" data-id=\"http:\/\/www.instagram.com\/tenisowkatv\">sunlitcourts<\/a><br><br><strong>TENNIS PHOTOS:<\/strong> <a href=\"http:\/\/www.sunlitcourts.com\" data-type=\"link\" data-id=\"http:\/\/www.tenisowkatv.com\">sunlitcourts.com<\/a><\/p>\n\n\n\n<p class=\"has-small-font-size\"><strong>CONTACT<\/strong> &#x1f60d;  <a href=\"mailto:vonchrupek@gmail.com\" target=\"_blank\" rel=\"noreferrer noopener\">vonchrupek@gmail.com<\/a><\/p>\n\n\n\n<p class=\"has-small-font-size\"><\/p>\n\n\n\n<p><\/p>\n\n\n\n<p><\/p>\n\n\n\n<p><\/p>\n\n\n\n<p><\/p>\n","protected":false},"excerpt":{"rendered":"<p>Mirella von Chrupek\u00a0(born 1980). Artist, photographer, diorama designer. Her work includes also such domains as scenography and sculpture. In her recent digital photomontages, she uses archival materials to create imaginary landscapes freely mixing elements of fantasy and reality. Experiments with vintage photographs and focuses on human faces and their transmutations. Between 2014-17 presented to the &hellip; <a href=\"https:\/\/vonchrupek.com\/index.php\/about\/\" class=\"more-link\">Continue reading <span class=\"screen-reader-text\">About<\/span><\/a><\/p>\n","protected":false},"author":1,"featured_media":0,"parent":0,"menu_order":0,"comment_status":"closed","ping_status":"closed","template":"","meta":{"_vp_format_video_url":"","_vp_image_focal_point":[],"footnotes":""},"class_list":["post-15","page","type-page","status-publish","hentry"],"_links":{"self":[{"href":"https:\/\/vonchrupek.com\/index.php\/wp-json\/wp\/v2\/pages\/15","targetHints":{"allow":["GET"]}}],"collection":[{"href":"https:\/\/vonchrupek.com\/index.php\/wp-json\/wp\/v2\/pages"}],"about":[{"href":"https:\/\/vonchrupek.com\/index.php\/wp-json\/wp\/v2\/types\/page"}],"author":[{"embeddable":true,"href":"https:\/\/vonchrupek.com\/index.php\/wp-json\/wp\/v2\/users\/1"}],"replies":[{"embeddable":true,"href":"https:\/\/vonchrupek.com\/index.php\/wp-json\/wp\/v2\/comments?post=15"}],"version-history":[{"count":76,"href":"https:\/\/vonchrupek.com\/index.php\/wp-json\/wp\/v2\/pages\/15\/revisions"}],"predecessor-version":[{"id":1629,"href":"https:\/\/vonchrupek.com\/index.php\/wp-json\/wp\/v2\/pages\/15\/revisions\/1629"}],"wp:attachment":[{"href":"https:\/\/vonchrupek.com\/index.php\/wp-json\/wp\/v2\/media?parent=15"}],"curies":[{"name":"wp","href":"https:\/\/api.w.org\/{rel}","templated":true}]}}