{"id":115,"date":"2022-03-31T14:42:21","date_gmt":"2022-03-31T12:42:21","guid":{"rendered":"http:\/\/vonchrupek.com\/?page_id=115"},"modified":"2022-04-01T15:17:19","modified_gmt":"2022-04-01T13:17:19","slug":"bulinka","status":"publish","type":"page","link":"https:\/\/vonchrupek.com\/index.php\/bulinka\/","title":{"rendered":"Bulinka"},"content":{"rendered":"\n<p>Bulinka przy\u015bni\u0142a mi si\u0119 3 lata temu. Od samego pocz\u0105tku wiedzia\u0142am jak ma mie\u0107 na imi\u0119 i \u017ce towarzyszy\u0107 jej b\u0119dzie ma\u0142y szczurek Sabinka. Mam nadziej\u0119, \u017ce jest jest to pocz\u0105tek bardzo udanej przyja\u017ani. Zapraszam do odwiedzenia strony po\u015bwi\u0119conej projektowi: <a href=\"http:\/\/www.bulinkadoll.wordpress.com\/bulinka\">http:\/\/www.bulinkadoll.wordpress.com\/bulinka<\/a> gdzie przeczytacie o etapach powstawania lalki od niepozornego szkicu, poprzez modelowanie 3D, druk 3D, odlewy by zako\u0144czy\u0107 swoj\u0105 podr\u00f3\u017c na gotowej, pomalowanej przeze mnie bohaterce Bulince.<\/p>\n\n\n\n<p>Meet Bulinka and her little friend Sabinka. She came to me in my dream and since then I clearly knew I had to make her tangible. She is 25 cm high. I designed, 3D printed and made this figurine in 5 different variations. You may follow her steps and my ups and downs in creating this figurine here: <a href=\"http:\/\/bulinkadoll.wordpress.com\/bulinka\">bulinkadoll.wordpress.com\/bulinka<\/a><\/p>\n","protected":false},"excerpt":{"rendered":"<p>Bulinka przy\u015bni\u0142a mi si\u0119 3 lata temu. Od samego pocz\u0105tku wiedzia\u0142am jak ma mie\u0107 na imi\u0119 i \u017ce towarzyszy\u0107 jej b\u0119dzie ma\u0142y szczurek Sabinka. Mam nadziej\u0119, \u017ce jest jest to pocz\u0105tek bardzo udanej przyja\u017ani. Zapraszam do odwiedzenia strony po\u015bwi\u0119conej projektowi: http:\/\/www.bulinkadoll.wordpress.com\/bulinka gdzie przeczytacie o etapach powstawania lalki od niepozornego szkicu, poprzez modelowanie 3D, druk 3D, &hellip; <a href=\"https:\/\/vonchrupek.com\/index.php\/bulinka\/\" class=\"more-link\">Continue reading <span class=\"screen-reader-text\">Bulinka<\/span><\/a><\/p>\n","protected":false},"author":1,"featured_media":0,"parent":0,"menu_order":0,"comment_status":"closed","ping_status":"closed","template":"","meta":{"_vp_format_video_url":"","_vp_image_focal_point":[],"footnotes":""},"class_list":["post-115","page","type-page","status-publish","hentry"],"_links":{"self":[{"href":"https:\/\/vonchrupek.com\/index.php\/wp-json\/wp\/v2\/pages\/115","targetHints":{"allow":["GET"]}}],"collection":[{"href":"https:\/\/vonchrupek.com\/index.php\/wp-json\/wp\/v2\/pages"}],"about":[{"href":"https:\/\/vonchrupek.com\/index.php\/wp-json\/wp\/v2\/types\/page"}],"author":[{"embeddable":true,"href":"https:\/\/vonchrupek.com\/index.php\/wp-json\/wp\/v2\/users\/1"}],"replies":[{"embeddable":true,"href":"https:\/\/vonchrupek.com\/index.php\/wp-json\/wp\/v2\/comments?post=115"}],"version-history":[{"count":1,"href":"https:\/\/vonchrupek.com\/index.php\/wp-json\/wp\/v2\/pages\/115\/revisions"}],"predecessor-version":[{"id":116,"href":"https:\/\/vonchrupek.com\/index.php\/wp-json\/wp\/v2\/pages\/115\/revisions\/116"}],"wp:attachment":[{"href":"https:\/\/vonchrupek.com\/index.php\/wp-json\/wp\/v2\/media?parent=115"}],"curies":[{"name":"wp","href":"https:\/\/api.w.org\/{rel}","templated":true}]}}